{"id":138,"date":"2019-01-02T17:50:49","date_gmt":"2019-01-02T17:50:49","guid":{"rendered":"https:\/\/percorsisindonici.it\/?page_id=138"},"modified":"2020-04-28T15:53:33","modified_gmt":"2020-04-28T15:53:33","slug":"138-2","status":"publish","type":"page","link":"https:\/\/www.percorsisindonici.it\/?page_id=138","title":{"rendered":"Percorsi Sindonici \u2013 Introduzione"},"content":{"rendered":"<p>[et_pb_section fb_built=&#8221;1&#8243; fullwidth=&#8221;on&#8221; next_background_color=&#8221;#ffffff&#8221; admin_label=&#8221;Header Section&#8221; _builder_version=&#8221;4.3.2&#8243; background_color=&#8221;#000000&#8243; custom_padding=&#8221;0px|0px|0px|0px|false|false&#8221; bottom_divider_style=&#8221;ramp&#8221; bottom_divider_flip=&#8221;horizontal&#8221;][et_pb_fullwidth_header title=&#8221;SAVOIA E Terre di margherita&#8221; subhead=&#8221;Percorsi Sindonici Introduzione&#8221; text_orientation=&#8221;center&#8221; content_max_width=&#8221;640px&#8221; _builder_version=&#8221;3.19.2&#8243; title_font=&#8221;Oswald|||on|||||&#8221; title_font_size=&#8221;20px&#8221; title_letter_spacing=&#8221;3px&#8221; title_line_height=&#8221;1.5em&#8221; content_font=&#8221;Lora||||||||&#8221; content_font_size=&#8221;22px&#8221; content_line_height=&#8221;2em&#8221; subhead_font=&#8221;Lora|700|||||||&#8221; subhead_font_size=&#8221;60px&#8221; subhead_line_height=&#8221;1.5em&#8221; background_color=&#8221;rgba(255,255,255,0)&#8221; background_image=&#8221;https:\/\/percorsisindonici.it\/wp-content\/uploads\/2019\/01\/testata-07.jpg&#8221; parallax=&#8221;on&#8221; parallax_method=&#8221;on&#8221; custom_button_one=&#8221;on&#8221; button_one_text_size=&#8221;16px&#8221; button_one_text_color=&#8221;#ffffff&#8221; button_one_bg_color=&#8221;#d29f68&#8243; button_one_border_width=&#8221;15px&#8221; button_one_border_color=&#8221;rgba(210,159,104,0)&#8221; button_one_border_radius=&#8221;100px&#8221; button_one_letter_spacing=&#8221;3px&#8221; button_one_font=&#8221;Oswald|||on|||||&#8221; button_one_use_icon=&#8221;off&#8221; custom_button_two=&#8221;on&#8221; button_two_text_size=&#8221;16px&#8221; button_two_text_color=&#8221;#ffffff&#8221; button_two_bg_color=&#8221;rgba(255,255,255,0.35)&#8221; button_two_border_width=&#8221;15px&#8221; button_two_border_color=&#8221;rgba(0,0,0,0)&#8221; button_two_border_radius=&#8221;100px&#8221; button_two_letter_spacing=&#8221;3px&#8221; button_two_font=&#8221;Oswald|||on|||||&#8221; button_two_use_icon=&#8221;off&#8221; custom_margin=&#8221;|||&#8221; custom_padding=&#8221;90px||90px||true&#8221; animation_style=&#8221;zoom&#8221; animation_duration=&#8221;2000ms&#8221; animation_intensity_zoom=&#8221;4%&#8221; subhead_font_size_tablet=&#8221;&#8221; subhead_font_size_phone=&#8221;50px&#8221; subhead_font_size_last_edited=&#8221;on|desktop&#8221; button_one_border_radius_hover=&#8221;100px&#8221; button_one_bg_color_hover=&#8221;#cc8d66&#8243; button_two_bg_color_hover=&#8221;#d29f68&#8243; button_one_text_size__hover_enabled=&#8221;off&#8221; button_two_text_size__hover_enabled=&#8221;off&#8221; button_one_text_color__hover_enabled=&#8221;off&#8221; button_two_text_color__hover_enabled=&#8221;off&#8221; button_one_border_width__hover_enabled=&#8221;off&#8221; button_two_border_width__hover_enabled=&#8221;off&#8221; button_one_border_color__hover_enabled=&#8221;off&#8221; button_two_border_color__hover_enabled=&#8221;off&#8221; button_one_border_radius__hover_enabled=&#8221;on&#8221; button_one_border_radius__hover=&#8221;100px&#8221; button_two_border_radius__hover_enabled=&#8221;off&#8221; button_one_letter_spacing__hover_enabled=&#8221;off&#8221; button_two_letter_spacing__hover_enabled=&#8221;off&#8221; button_one_bg_color__hover_enabled=&#8221;on&#8221; button_one_bg_color__hover=&#8221;#cc8d66&#8243; button_two_bg_color__hover_enabled=&#8221;on&#8221; button_two_bg_color__hover=&#8221;#d29f68&#8243;][\/et_pb_fullwidth_header][\/et_pb_section][et_pb_section fb_built=&#8221;1&#8243; admin_label=&#8221;About Section&#8221; _builder_version=&#8221;3.22&#8243; background_color=&#8221;#ffffff&#8221; custom_padding=&#8221;79px|0px|79px|0px|true|false&#8221;][et_pb_row column_structure=&#8221;2_3,1_3&#8243; _builder_version=&#8221;3.25&#8243;][et_pb_column type=&#8221;2_3&#8243; _builder_version=&#8221;3.25&#8243; custom_padding=&#8221;|||&#8221; custom_padding__hover=&#8221;|||&#8221;][et_pb_text _builder_version=&#8221;3.27.4&#8243; text_font=&#8221;||||||||&#8221; header_font=&#8221;||||||||&#8221; header_2_font=&#8221;Lora|700|||||||&#8221; header_2_font_size=&#8221;50px&#8221; header_2_line_height=&#8221;1.5em&#8221; header_5_font=&#8221;Oswald|||on|||||&#8221; header_5_text_color=&#8221;rgba(0,0,0,0.4)&#8221; header_5_font_size=&#8221;20px&#8221; header_5_letter_spacing=&#8221;3px&#8221; text_orientation=&#8221;center&#8221; max_width=&#8221;600px&#8221; module_alignment=&#8221;center&#8221; text_line_height_last_edited=&#8221;off|desktop&#8221;]<\/p>\n<h5 style=\"text-align: left;\">LA SAVOIA, TERRA DI<\/h5>\n<h2 style=\"text-align: left;\"><em><strong>storia, arte, tradizioni e \u2026 cammini<\/strong><\/em><\/h2>\n<p>[\/et_pb_text][\/et_pb_column][et_pb_column type=&#8221;1_3&#8243; _builder_version=&#8221;3.25&#8243; custom_padding=&#8221;|||&#8221; custom_padding__hover=&#8221;|||&#8221;][et_pb_image src=&#8221;https:\/\/percorsisindonici.it\/wp-content\/uploads\/2019\/01\/sindone-disegno-300.jpg&#8221; align_tablet=&#8221;center&#8221; align_phone=&#8221;&#8221; align_last_edited=&#8221;on|desktop&#8221; _builder_version=&#8221;3.23&#8243; max_width=&#8221;60%&#8221;][\/et_pb_image][\/et_pb_column][\/et_pb_row][et_pb_row column_structure=&#8221;1_2,1_2&#8243; _builder_version=&#8221;3.25&#8243;][et_pb_column type=&#8221;1_2&#8243; _builder_version=&#8221;3.25&#8243; custom_padding=&#8221;|||&#8221; custom_padding__hover=&#8221;|||&#8221;][et_pb_text _builder_version=&#8221;3.27.4&#8243; text_font=&#8221;Lora||||||||&#8221; text_font_size=&#8221;18px&#8221; text_line_height=&#8221;2em&#8221; link_font=&#8221;||||||||&#8221; ul_font=&#8221;||||||||&#8221; ol_font=&#8221;||||||||&#8221; quote_font=&#8221;||||||||&#8221; header_font=&#8221;||||||||&#8221; header_2_font=&#8221;||||||||&#8221; header_3_font=&#8221;Oswald|||on|||||&#8221; header_3_font_size=&#8221;20px&#8221; header_3_letter_spacing=&#8221;3px&#8221; header_3_line_height=&#8221;1.5em&#8221; header_4_font=&#8221;||||||||&#8221; max_width=&#8221;600px&#8221; text_line_height_last_edited=&#8221;off|desktop&#8221;]<\/p>\n<h3>Realizzazione<\/h3>\n<p>Il Service Percorsi Sindonici, realizzato nel centenario Lions 2017, grazie ai Lions Club Valli di Lanzo Torinese, Ciri\u00e8 D&#8221;Oria, Settimo Torinese, Torino Cittadella Ducale, Torino Crocetta Duca D&#8221;Aosta, Torino Sabauda, insieme con i Lions Club del Distretto francese 103-CS ed in collaborazione con Chato, il CAI di Lanzo T.se, Unione Montana Valli di Lanzo, Ceronda e Casternone, Parole e Segni di Vanni Cagnotto, ha permesso di identificare e segnare gli antichi collegamenti tra Chambery, la Moriana, le Valli di Lanzo e Torino attraverso le Terre di Margherita, le uniche rimaste fedeli a casa Savoia nel XVI secolo.<\/p>\n<p>[\/et_pb_text][\/et_pb_column][et_pb_column type=&#8221;1_2&#8243; _builder_version=&#8221;3.25&#8243; custom_padding=&#8221;|||&#8221; custom_padding__hover=&#8221;|||&#8221;][et_pb_text _builder_version=&#8221;3.27.4&#8243; text_font=&#8221;Lora||||||||&#8221; text_font_size=&#8221;18px&#8221; text_line_height=&#8221;2em&#8221; link_font=&#8221;||||||||&#8221; ul_font=&#8221;||||||||&#8221; ol_font=&#8221;||||||||&#8221; quote_font=&#8221;||||||||&#8221; header_font=&#8221;||||||||&#8221; header_2_font=&#8221;||||||||&#8221; header_3_font=&#8221;Oswald|||on|||||&#8221; header_3_font_size=&#8221;20px&#8221; header_3_letter_spacing=&#8221;3px&#8221; header_3_line_height=&#8221;1.5em&#8221; header_4_font=&#8221;||||||||&#8221; max_width=&#8221;600px&#8221; text_line_height_last_edited=&#8221;off|desktop&#8221;]<\/p>\n<h3>studio storico<\/h3>\n<p>Avendo il Re di Francia occupato Chambery, i Savoia trasferirono la capitale e la Sindone al di qua delle Alpi. Sulle Terre di Margherita vigevano gli Statuti di Margherita redatti a met\u00e0 del 1300, gli abitanti vivevano di agricoltura e pastorizia in quell\u2019area che da Lanslevillard porta a Bessans, ad Averole e scende in Val d\u2019Ala da una parte ed in val di Vi\u00f9 dall\u2019altra. In entrambi i due percorsi vi sono copiose testimonianze artistiche, edifici, chiese, affreschi e dipinti, che documentano la presenza e l\u2019importanza, in queste terre, di casa Savoia. Il progetto ha permesso di indicare la presenza delle principali testimonianze sindoniche lungo i percorsi ancora oggi percorribili e chiaramente segnalati dalle frecce indicatrici.<\/p>\n<p>[\/et_pb_text][\/et_pb_column][\/et_pb_row][et_pb_row _builder_version=&#8221;3.25&#8243;][et_pb_column type=&#8221;4_4&#8243; _builder_version=&#8221;3.25&#8243; custom_padding=&#8221;|||&#8221; custom_padding__hover=&#8221;|||&#8221;][et_pb_text _builder_version=&#8221;3.27.4&#8243; text_font=&#8221;Lora||||||||&#8221; text_font_size=&#8221;18px&#8221; text_line_height=&#8221;2em&#8221; link_font=&#8221;||||||||&#8221; ul_font=&#8221;||||||||&#8221; ol_font=&#8221;||||||||&#8221; quote_font=&#8221;||||||||&#8221; header_font=&#8221;||||||||&#8221; header_2_font=&#8221;||||||||&#8221; header_3_font=&#8221;Oswald|||on|||||&#8221; header_3_font_size=&#8221;20px&#8221; header_3_letter_spacing=&#8221;3px&#8221; header_3_line_height=&#8221;1.5em&#8221; header_4_font=&#8221;||||||||&#8221; text_line_height_last_edited=&#8221;off|desktop&#8221;]<\/p>\n<h3>COMUNI INTERESSATI:<\/h3>\n<p><span>Vi \u00e8, nelle Valli di Lanzo, un\u2019alta concentrazione di affreschi, dipinti ed edifici che testimoniano la presenza e l\u2019importanza della famiglia Savoia e della Sindone, nel XVI secolo, in queste terre. Da notare come le testimonianze, affreschi e chiesette, siano dislocate lungo le due antiche strade di collegamento che univano l\u2019Alta Moriana con le Valli e Torino. Lasciata Chambery, sono presenti affreschi e dipinti sulla strada che porta ad Av\u00e8role passando per Chamoux, La Chappelle, La Chambre, St Jean de Maurienne, St Michelle de Maurienne, Modane, Termignon, Lanslevillard, Bessans. Dall\u2019Av\u00e8role, si scende a Torino attraversando, da un lato, la Val d\u2019Ala, Colle Arnas, Balme, Voragno, Lanzo\/Germagnano, Ciri\u00e8, Nole. Dall\u2019altro lato, la Valle di Vi\u00f9, Colle Autaret, Usseglio, Fucine (Venera), Richiaglio, Biolaj, Colle Portia, Grange Brione, Castello di Lucento in Torino dove la Sindone arriv\u00f2 nel 1578. Da l\u00ec ripart\u00ec verso le Porte Palatine per incontrare il cardinale Carlo Borromeo giunto, a piedi, da Milano per venerare la Sindone.<\/span><\/p>\n<p>[\/et_pb_text][\/et_pb_column][\/et_pb_row][\/et_pb_section][et_pb_section fb_built=&#8221;1&#8243; _builder_version=&#8221;3.22&#8243;][et_pb_row _builder_version=&#8221;3.25&#8243;][et_pb_column type=&#8221;4_4&#8243; _builder_version=&#8221;3.25&#8243; custom_padding=&#8221;|||&#8221; custom_padding__hover=&#8221;|||&#8221;][et_pb_text _builder_version=&#8221;3.27.4&#8243; text_font=&#8221;||||||||&#8221; header_font=&#8221;||||||||&#8221; header_2_font=&#8221;Lora|700|||||||&#8221; header_2_font_size=&#8221;50px&#8221; header_2_line_height=&#8221;1.5em&#8221; header_5_font=&#8221;Oswald|||on|||||&#8221; header_5_text_color=&#8221;rgba(0,0,0,0.4)&#8221; header_5_font_size=&#8221;20px&#8221; header_5_letter_spacing=&#8221;3px&#8221; text_orientation=&#8221;center&#8221; max_width=&#8221;600px&#8221; module_alignment=&#8221;center&#8221; text_line_height_last_edited=&#8221;off|desktop&#8221;]<\/p>\n<h5>A PIEDI, IN BICI, IN MOTO, IN AUTO ECC&#8230;<\/h5>\n<h2><em><strong>i 4 itinerari<\/strong><\/em><\/h2>\n<p>[\/et_pb_text][\/et_pb_column][\/et_pb_row][et_pb_row column_structure=&#8221;1_4,1_4,1_4,1_4&#8243; _builder_version=&#8221;3.25&#8243;][et_pb_column type=&#8221;1_4&#8243; _builder_version=&#8221;3.25&#8243; custom_padding=&#8221;|||&#8221; custom_padding__hover=&#8221;|||&#8221;][et_pb_image src=&#8221;https:\/\/percorsisindonici.it\/wp-content\/uploads\/2019\/01\/ft_itinerario_01.jpg&#8221; url=&#8221;https:\/\/www.percorsisindonici.it\/?page_id=207&#8243; align_tablet=&#8221;center&#8221; align_phone=&#8221;&#8221; align_last_edited=&#8221;on|desktop&#8221; _builder_version=&#8221;3.23&#8243;][\/et_pb_image][et_pb_text _builder_version=&#8221;3.27.4&#8243;]Balme<br \/>\nAla di Stura<br \/>\nVoragno-Ceres<br \/>\nMezzenile<br \/>\nLanzo[\/et_pb_text][\/et_pb_column][et_pb_column type=&#8221;1_4&#8243; _builder_version=&#8221;3.25&#8243; custom_padding=&#8221;|||&#8221; custom_padding__hover=&#8221;|||&#8221;][et_pb_image src=&#8221;https:\/\/percorsisindonici.it\/wp-content\/uploads\/2019\/01\/ft_itinerario_02.jpg&#8221; url=&#8221;https:\/\/www.percorsisindonici.it\/?page_id=230&#8243; align_tablet=&#8221;center&#8221; align_phone=&#8221;&#8221; align_last_edited=&#8221;on|desktop&#8221; _builder_version=&#8221;3.23&#8243;][\/et_pb_image][et_pb_text _builder_version=&#8221;3.27.4&#8243;]Corio<br \/>\nRocca C.se<br \/>\nGrosso C.se<br \/>\nNole C.se<br \/>\nCiri\u00e8<br \/>\nSan Maurizio C.se<br \/>\nFiano[\/et_pb_text][\/et_pb_column][et_pb_column type=&#8221;1_4&#8243; _builder_version=&#8221;3.25&#8243; custom_padding=&#8221;|||&#8221; custom_padding__hover=&#8221;|||&#8221;][et_pb_image src=&#8221;https:\/\/percorsisindonici.it\/wp-content\/uploads\/2019\/01\/ft_itinerario_03.jpg&#8221; url=&#8221;https:\/\/www.percorsisindonici.it\/?page_id=207&#8243; align_tablet=&#8221;center&#8221; align_phone=&#8221;&#8221; align_last_edited=&#8221;on|desktop&#8221; _builder_version=&#8221;3.23&#8243;][\/et_pb_image][et_pb_text _builder_version=&#8221;3.27.4&#8243;]Piazzette<br \/>\nChiandusseglio<br \/>\nLemie<br \/>\nVi\u00f9<br \/>\nRichiaglio<br \/>\nBiolaj<br \/>\nColle della Portia<br \/>\nVal della Torre[\/et_pb_text][\/et_pb_column][et_pb_column type=&#8221;1_4&#8243; _builder_version=&#8221;3.25&#8243; custom_padding=&#8221;|||&#8221; custom_padding__hover=&#8221;|||&#8221;][et_pb_image src=&#8221;https:\/\/percorsisindonici.it\/wp-content\/uploads\/2019\/01\/ft_itinerario_04.jpg&#8221; url=&#8221;https:\/\/www.percorsisindonici.it\/?page_id=254&#8243; align_tablet=&#8221;center&#8221; align_phone=&#8221;&#8221; align_last_edited=&#8221;on|desktop&#8221; _builder_version=&#8221;3.23&#8243;][\/et_pb_image][et_pb_text _builder_version=&#8221;3.27.4&#8243;]Lucento<br \/>\nPorte Palatine<br \/>\nAbbadia di Stura[\/et_pb_text][\/et_pb_column][\/et_pb_row][\/et_pb_section][et_pb_section fb_built=&#8221;1&#8243; specialty=&#8221;on&#8221; next_background_color=&#8221;#232220&#8243; padding_2_tablet=&#8221;|10%||10%||true&#8221; padding_2_phone=&#8221;&#8221; padding_2_last_edited=&#8221;on|tablet&#8221; _builder_version=&#8221;3.22&#8243; inner_width=&#8221;100%&#8221; inner_max_width=&#8221;100%&#8221; custom_padding=&#8221;0|101px|100px|0px|false|false&#8221; bottom_divider_style=&#8221;ramp&#8221; use_custom_width=&#8221;on&#8221; width_unit=&#8221;off&#8221; custom_width_percent=&#8221;100%&#8221;][et_pb_column type=&#8221;1_3&#8243; _builder_version=&#8221;3.25&#8243; custom_padding=&#8221;|||&#8221; parallax__hover=&#8221;off&#8221; parallax_method__hover=&#8221;on&#8221; custom_padding__hover=&#8221;|||&#8221;][\/et_pb_column][et_pb_column type=&#8221;2_3&#8243; specialty_columns=&#8221;2&#8243; _builder_version=&#8221;3.25&#8243; custom_padding=&#8221;|||&#8221; padding_tablet__hover=&#8221;|10%||10%||true&#8221; padding_last_edited__hover=&#8221;on|tablet&#8221; parallax__hover=&#8221;off&#8221; parallax_method__hover=&#8221;on&#8221; padding_tablet=&#8221;|10%||10%||true&#8221; padding_last_edited=&#8221;on|tablet&#8221; custom_padding__hover=&#8221;|||&#8221;][\/et_pb_column][\/et_pb_section][et_pb_section fb_built=&#8221;1&#8243; admin_label=&#8221;Footer Section&#8221; _builder_version=&#8221;4.3.2&#8243; background_color=&#8221;#232220&#8243; use_background_color_gradient=&#8221;on&#8221; background_color_gradient_start=&#8221;#232220&#8243; background_color_gradient_end=&#8221;rgba(35,34,32,0.13)&#8221; background_color_gradient_start_position=&#8221;25%&#8221; background_color_gradient_overlays_image=&#8221;on&#8221; background_image=&#8221;https:\/\/percorsisindonici.it\/wp-content\/uploads\/2019\/01\/testata-02.jpg&#8221; min_height=&#8221;135px&#8221; height=&#8221;523px&#8221; max_height=&#8221;417px&#8221; custom_padding=&#8221;40px|0px|40px|0px|true|false&#8221; global_module=&#8221;144&#8243; saved_tabs=&#8221;all&#8221;][et_pb_row column_structure=&#8221;1_2,1_2&#8243; admin_label=&#8221;Subscribe&#8221; _builder_version=&#8221;4.3.2&#8243; max_width=&#8221;90%&#8221; custom_margin=&#8221;|||&#8221; custom_padding=&#8221;|||&#8221; animation_style=&#8221;zoom&#8221; animation_intensity_zoom=&#8221;5%&#8221;][et_pb_column type=&#8221;1_2&#8243; _builder_version=&#8221;3.25&#8243; custom_padding=&#8221;|||&#8221; custom_padding__hover=&#8221;|||&#8221;][et_pb_text _builder_version=&#8221;3.27.4&#8243; text_font=&#8221;||||||||&#8221; text_text_color=&#8221;#ffffff&#8221; text_font_size=&#8221;20px&#8221; header_font=&#8221;||||||||&#8221; header_text_color=&#8221;#ffffff&#8221; header_font_size=&#8221;50px&#8221;]<\/p>\n<h1>News dalle valli<\/h1>\n<p>Eventi, manifestazioni ed inziative sul territorio<\/p>\n<p>[\/et_pb_text][et_pb_social_media_follow _builder_version=&#8221;3.3&#8243; text_orientation=&#8221;center&#8221; custom_margin=&#8221;100px|||&#8221;][et_pb_social_media_follow_network social_network=&#8221;facebook&#8221; _builder_version=&#8221;3.0.105&#8243; background_color=&#8221;rgba(255,255,255,0.1)&#8221; custom_margin=&#8221;|10px||10px&#8221; custom_padding=&#8221;20px|20px|20px|20px&#8221; border_radii=&#8221;on|50px|50px|50px|50px&#8221; follow_button=&#8221;off&#8221; url_new_window=&#8221;on&#8221;]facebook[\/et_pb_social_media_follow_network][et_pb_social_media_follow_network social_network=&#8221;twitter&#8221; _builder_version=&#8221;3.0.105&#8243; background_color=&#8221;rgba(255,255,255,0.1)&#8221; custom_margin=&#8221;|10px||10px&#8221; custom_padding=&#8221;20px|20px|20px|20px&#8221; border_radii=&#8221;on|50px|50px|50px|50px&#8221; follow_button=&#8221;off&#8221; url_new_window=&#8221;on&#8221;]twitter[\/et_pb_social_media_follow_network][et_pb_social_media_follow_network social_network=&#8221;instagram&#8221; _builder_version=&#8221;3.0.105&#8243; background_color=&#8221;rgba(255,255,255,0.1)&#8221; custom_margin=&#8221;|10px||10px&#8221; custom_padding=&#8221;20px|20px|20px|20px&#8221; border_radii=&#8221;on|50px|50px|50px|50px&#8221; follow_button=&#8221;off&#8221; url_new_window=&#8221;on&#8221;]instagram[\/et_pb_social_media_follow_network][et_pb_social_media_follow_network social_network=&#8221;youtube&#8221; _builder_version=&#8221;3.0.105&#8243; background_color=&#8221;rgba(255,255,255,0.1)&#8221; custom_margin=&#8221;|10px||10px&#8221; custom_padding=&#8221;20px|20px|20px|20px&#8221; border_radii=&#8221;on|50px|50px|50px|50px&#8221; follow_button=&#8221;off&#8221; url_new_window=&#8221;on&#8221;]youtube[\/et_pb_social_media_follow_network][et_pb_social_media_follow_network social_network=&#8221;google-plus&#8221; _builder_version=&#8221;3.0.105&#8243; background_color=&#8221;rgba(255,255,255,0.1)&#8221; custom_margin=&#8221;|10px||10px&#8221; custom_padding=&#8221;20px|20px|20px|20px&#8221; border_radii=&#8221;on|50px|50px|50px|50px&#8221; follow_button=&#8221;off&#8221; url_new_window=&#8221;on&#8221;]google-plus[\/et_pb_social_media_follow_network][\/et_pb_social_media_follow][\/et_pb_column][et_pb_column type=&#8221;1_2&#8243; _builder_version=&#8221;3.25&#8243; custom_padding=&#8221;|||&#8221; custom_padding__hover=&#8221;|||&#8221;][et_pb_post_slider posts_number=&#8221;5&#8243; include_categories=&#8221;9,12&#8243; more_text=&#8221;info&#8221; excerpt_length=&#8221;120&#8243; _builder_version=&#8221;4.3.2&#8243; body_font=&#8221;||||||||&#8221; background_color=&#8221;#cccc00&#8243; custom_padding=&#8221;50px|20px|60px|20px|false|false&#8221;][\/et_pb_post_slider][\/et_pb_column][\/et_pb_row][\/et_pb_section][et_pb_section fb_built=&#8221;1&#8243; fullwidth=&#8221;on&#8221; _builder_version=&#8221;4.3.2&#8243; background_image=&#8221;https:\/\/www.percorsisindonici.it\/wp-content\/uploads\/2020\/02\/ft_chambery_19.jpg&#8221; top_divider_color=&#8221;#ffffff&#8221; top_divider_height=&#8221;39px&#8221; top_divider_flip=&#8221;horizontal&#8221; border_width_top=&#8221;10px&#8221; border_color_top=&#8221;#7cda24&#8243; border_style_top=&#8221;groove&#8221; border_width_bottom=&#8221;10px&#8221; border_color_bottom=&#8221;#7cda24&#8243; border_style_bottom=&#8221;groove&#8221; global_module=&#8221;597&#8243; saved_tabs=&#8221;all&#8221; locked=&#8221;off&#8221;][et_pb_fullwidth_header text_orientation=&#8221;center&#8221; button_one_text=&#8221;CHEMIN DU SAINT-SUAIRE&#8221; button_one_url=&#8221;https:\/\/www.cheminsdusaintsuaire.eu\/&#8221; _builder_version=&#8221;4.3.2&#8243; title_line_height=&#8221;1.4em&#8221; background_enable_color=&#8221;off&#8221; custom_padding=&#8221;||20px||false|false&#8221; link_option_url=&#8221;https:\/\/www.cheminsdusaintsuaire.eu\/&#8221; link_option_url_new_window=&#8221;on&#8221;]<\/p>\n<h1>VISITATE IL SITO FRANCESE<br \/> DEI PERCORSI SINDONICI IN SAVOIA<\/h1>\n<p>[\/et_pb_fullwidth_header][et_pb_fullwidth_image src=&#8221;https:\/\/www.percorsisindonici.it\/wp-content\/uploads\/2020\/02\/logo_css_or_532.png&#8221; _builder_version=&#8221;4.3.2&#8243; background_color=&#8221;rgba(0,0,0,0)&#8221; max_width=&#8221;30%&#8221; module_alignment=&#8221;center&#8221; custom_padding=&#8221;10px||50px||false|false&#8221;][\/et_pb_fullwidth_image][\/et_pb_section]<\/p>\n","protected":false},"excerpt":{"rendered":"<p>LA SAVOIA, TERRA DI storia, arte, tradizioni e \u2026 camminiRealizzazione Il Service Percorsi Sindonici, realizzato nel centenario Lions 2017, grazie ai Lions Club Valli di Lanzo Torinese, Ciri\u00e8 D&#8221;Oria, Settimo Torinese, Torino Cittadella Ducale, Torino Crocetta Duca D&#8221;Aosta, Torino Sabauda, insieme con i Lions Club del Distretto francese 103-CS ed in collaborazione con Chato, il [&hellip;]<\/p>\n","protected":false},"author":1,"featured_media":0,"parent":0,"menu_order":0,"comment_status":"closed","ping_status":"closed","template":"","meta":{"_et_pb_use_builder":"on","_et_pb_old_content":"","_et_gb_content_width":"","footnotes":""},"class_list":["post-138","page","type-page","status-publish","hentry"],"_links":{"self":[{"href":"https:\/\/www.percorsisindonici.it\/index.php?rest_route=\/wp\/v2\/pages\/138"}],"collection":[{"href":"https:\/\/www.percorsisindonici.it\/index.php?rest_route=\/wp\/v2\/pages"}],"about":[{"href":"https:\/\/www.percorsisindonici.it\/index.php?rest_route=\/wp\/v2\/types\/page"}],"author":[{"embeddable":true,"href":"https:\/\/www.percorsisindonici.it\/index.php?rest_route=\/wp\/v2\/users\/1"}],"replies":[{"embeddable":true,"href":"https:\/\/www.percorsisindonici.it\/index.php?rest_route=%2Fwp%2Fv2%2Fcomments&post=138"}],"version-history":[{"count":26,"href":"https:\/\/www.percorsisindonici.it\/index.php?rest_route=\/wp\/v2\/pages\/138\/revisions"}],"predecessor-version":[{"id":698,"href":"https:\/\/www.percorsisindonici.it\/index.php?rest_route=\/wp\/v2\/pages\/138\/revisions\/698"}],"wp:attachment":[{"href":"https:\/\/www.percorsisindonici.it\/index.php?rest_route=%2Fwp%2Fv2%2Fmedia&parent=138"}],"curies":[{"name":"wp","href":"https:\/\/api.w.org\/{rel}","templated":true}]}}